{"id":32,"date":"2026-01-13T08:41:36","date_gmt":"2026-01-13T07:41:36","guid":{"rendered":"https:\/\/dogadani.org\/?page_id=32"},"modified":"2026-04-04T17:38:30","modified_gmt":"2026-04-04T15:38:30","slug":"dzialania","status":"publish","type":"page","link":"https:\/\/dogadani.org\/?page_id=32","title":{"rendered":"Dzia\u0142ania"},"content":{"rendered":"\n<figure class=\"wp-block-image size-large\"><img fetchpriority=\"high\" decoding=\"async\" width=\"1024\" height=\"565\" src=\"http:\/\/dogadani.org\/wp-content\/uploads\/2026\/02\/9a6b556e-2671-4e4e-873c-ea42427ca685-1024x565.png\" alt=\"\" class=\"wp-image-183\" srcset=\"https:\/\/dogadani.org\/wp-content\/uploads\/2026\/02\/9a6b556e-2671-4e4e-873c-ea42427ca685-1024x565.png 1024w, https:\/\/dogadani.org\/wp-content\/uploads\/2026\/02\/9a6b556e-2671-4e4e-873c-ea42427ca685-300x166.png 300w, https:\/\/dogadani.org\/wp-content\/uploads\/2026\/02\/9a6b556e-2671-4e4e-873c-ea42427ca685-768x424.png 768w, https:\/\/dogadani.org\/wp-content\/uploads\/2026\/02\/9a6b556e-2671-4e4e-873c-ea42427ca685.png 1536w\" sizes=\"(max-width: 706px) 89vw, (max-width: 767px) 82vw, 740px\" \/><\/figure>\n\n\n\n<div class=\"wp-block-uagb-info-box uagb-block-388e6095 uagb-infobox__content-wrap  uagb-infobox-icon-above-title uagb-infobox-image-valign-top\"><div class=\"uagb-ifb-content\"><div class=\"uagb-ifb-icon-wrap\"><svg xmlns=\"https:\/\/www.w3.org\/2000\/svg\" viewBox=\"0 0 512 512\"><path d=\"M0 256C0 114.6 114.6 0 256 0C397.4 0 512 114.6 512 256C512 397.4 397.4 512 256 512C114.6 512 0 397.4 0 256zM371.8 211.8C382.7 200.9 382.7 183.1 371.8 172.2C360.9 161.3 343.1 161.3 332.2 172.2L224 280.4L179.8 236.2C168.9 225.3 151.1 225.3 140.2 236.2C129.3 247.1 129.3 264.9 140.2 275.8L204.2 339.8C215.1 350.7 232.9 350.7 243.8 339.8L371.8 211.8z\"><\/path><\/svg><\/div><div class=\"uagb-ifb-title-wrap\"><h3 class=\"uagb-ifb-title\"><strong>DOGadane Spacery<\/strong><\/h3><\/div><p class=\"uagb-ifb-desc\"><br>To nie b\u0119d\u0105 zwyk\u0142e spacery.<br>To b\u0119dzie nauka patrzenia na psa inaczej.<br>Startujemy w Zielonej G\u00f3rze \u2014 spotykamy si\u0119 w terenie otwartym, w mie\u015bcie oraz na terenie szko\u0142y 4 \u0141apy (<a href=\"https:\/\/l.facebook.com\/l.php?u=http%3A%2F%2Fwww.e4lapy.pl%2F%3Ffbclid%3DIwZXh0bgNhZW0CMTAAYnJpZBEwVHZTNXpDTHlJQklKVWF3UXNydGMGYXBwX2lkEDIyMjAzOTE3ODgyMDA4OTIAAR5qo5VYfaKxGagGsGZfOsd_6QtlvyXKRNU7Y40nCpmlKlzHeL3EOJAD5Zc0ow_aem_7ABEHHAVfFWWs0ImyRoJ9Q&amp;h=AT02eZXtLuJRzhluzKT35Sfi8tLx90xSjf33J4TGZPokTE25rGmQwlxez8U88NADgKxjHvutH8z1IyKp6jbBWsVDD4o79DLnoGhQn_qoWfmswsD1-xn-JhUAUBqjQTmcM9WWdtSrvjxQpGXG&amp;__tn__=-UK-R&amp;c[0]=AT2-wigBdPt8N6ydpGfBLqPARhq7nW-_XKMsIzez6CveMJjb9o8zCuYxydbzOVjAhivd7FpztHp5NeGSBQ_LoRAmFpk6TYJ7VyYl1Knxkj2mXs1estnS6d8voe-sOa-_If9WsKrfnc1yXTZa2cFVPLVTiU1-1X5O9HpFF4vLN2Z_qPNSushK2qFBRhbAef8kVlJdCQPXXoeSTtUJjwv8IadACw\" target=\"_blank\" rel=\"noreferrer noopener\">www.e4lapy.pl<\/a>).<br>R\u00f3\u017cne miejsca, r\u00f3\u017cne bod\u017ace, realne sytuacje.<br><em>Podczas spacer\u00f3w uczymy si\u0119:<\/em><br><img decoding=\"async\" height=\"16\" width=\"16\" src=\"https:\/\/static.xx.fbcdn.net\/images\/emoji.php\/v9\/t51\/1\/16\/2714.png\" alt=\"\u2714\"> obserwowa\u0107 psa naprawd\u0119 \u2014 jego napi\u0119cie, tempo, emocje<br><img decoding=\"async\" height=\"16\" width=\"16\" src=\"https:\/\/static.xx.fbcdn.net\/images\/emoji.php\/v9\/t51\/1\/16\/2714.png\" alt=\"\u2714\"> rozpoznawa\u0107 potrzeby i s\u0142abo\u015bci<br><img decoding=\"async\" height=\"16\" width=\"16\" src=\"https:\/\/static.xx.fbcdn.net\/images\/emoji.php\/v9\/t51\/1\/16\/2714.png\" alt=\"\u2714\"> zastanawia\u0107 si\u0119, co zmieni\u0107, by spacer by\u0142 dla niego \u0142atwiejszy i bardziej korzystny<br><img decoding=\"async\" height=\"16\" width=\"16\" src=\"https:\/\/static.xx.fbcdn.net\/images\/emoji.php\/v9\/t51\/1\/16\/2714.png\" alt=\"\u2714\"> budowa\u0107 relacj\u0119 zamiast tylko \u201ezalicza\u0107 wyj\u015bcie\u201d<br>Nie chodzi o to, by ka\u017cdy pies musia\u0142 si\u0119 z ka\u017cdym wita\u0107.<br>Chodzi o to, by\u015bmy rozumieli, co prze\u017cywa \u2014 i potrafili go wesprze\u0107.<br>Mniej presji, wi\u0119cej uwa\u017cno\u015bci. Grupy b\u0119d\u0105 kameralne \u2014<br><img decoding=\"async\" height=\"16\" width=\"16\" src=\"https:\/\/static.xx.fbcdn.net\/images\/emoji.php\/v9\/t51\/1\/16\/1f449.png\" alt=\"\ud83d\udc49\"> liczba miejsc ograniczona.<br>Cena spaceru b\u0119dzie konkurencyjna w por\u00f3wnaniu z komercyjnymi przedsi\u0119wzi\u0119ciami \u2014 szczeg\u00f3\u0142y podam bli\u017cej terminu.<br><strong>Doch\u00f3d z udzia\u0142u wspiera dzia\u0142ania pomocowe i edukacyjne Fundacji DOGadani \u2014 pomagamy psom i uczymy ludzi, jak budowa\u0107 z nimi m\u0105dr\u0105 relacj\u0119.<\/strong><br><img loading=\"lazy\" decoding=\"async\" height=\"16\" width=\"16\" src=\"https:\/\/static.xx.fbcdn.net\/images\/emoji.php\/v9\/t69\/1\/16\/1f331.png\" alt=\"\ud83c\udf31\"> Szczeg\u00f3\u0142y i zapisy ju\u017c wkr\u00f3tce.<br>DOGadani \u2014 krok po kroku.  <br><strong><a href=\"https:\/\/dogadani.org\/?p=201\">[WI\u0118CEJ]<\/a><\/strong><br><\/p><\/div><\/div>\n\n\n\n<div class=\"wp-block-uagb-info-box uagb-block-31c08f0d uagb-infobox__content-wrap  uagb-infobox-icon-above-title uagb-infobox-image-valign-top\"><div class=\"uagb-ifb-content\"><div class=\"uagb-ifb-icon-wrap\"><svg xmlns=\"https:\/\/www.w3.org\/2000\/svg\" viewBox=\"0 0 512 512\"><path d=\"M0 256C0 114.6 114.6 0 256 0C397.4 0 512 114.6 512 256C512 397.4 397.4 512 256 512C114.6 512 0 397.4 0 256zM371.8 211.8C382.7 200.9 382.7 183.1 371.8 172.2C360.9 161.3 343.1 161.3 332.2 172.2L224 280.4L179.8 236.2C168.9 225.3 151.1 225.3 140.2 236.2C129.3 247.1 129.3 264.9 140.2 275.8L204.2 339.8C215.1 350.7 232.9 350.7 243.8 339.8L371.8 211.8z\"><\/path><\/svg><\/div><div class=\"uagb-ifb-title-wrap\"><h3 class=\"uagb-ifb-title\"> <strong>Treningi adopcyjne<\/strong><\/h3><\/div><p class=\"uagb-ifb-desc\">ju\u017c niebawem wiecej informacji<\/p><\/div><\/div>\n\n\n\n<figure class=\"wp-block-image size-large\"><img loading=\"lazy\" decoding=\"async\" width=\"1024\" height=\"1024\" src=\"https:\/\/dogadani.org\/wp-content\/uploads\/2026\/04\/52057c02-8f77-47d2-9139-0f6c674dd8f5-1-1024x1024.png\" alt=\"\" class=\"wp-image-227\" srcset=\"https:\/\/dogadani.org\/wp-content\/uploads\/2026\/04\/52057c02-8f77-47d2-9139-0f6c674dd8f5-1-1024x1024.png 1024w, https:\/\/dogadani.org\/wp-content\/uploads\/2026\/04\/52057c02-8f77-47d2-9139-0f6c674dd8f5-1-300x300.png 300w, https:\/\/dogadani.org\/wp-content\/uploads\/2026\/04\/52057c02-8f77-47d2-9139-0f6c674dd8f5-1-150x150.png 150w, https:\/\/dogadani.org\/wp-content\/uploads\/2026\/04\/52057c02-8f77-47d2-9139-0f6c674dd8f5-1-768x768.png 768w, https:\/\/dogadani.org\/wp-content\/uploads\/2026\/04\/52057c02-8f77-47d2-9139-0f6c674dd8f5-1-100x100.png 100w, https:\/\/dogadani.org\/wp-content\/uploads\/2026\/04\/52057c02-8f77-47d2-9139-0f6c674dd8f5-1.png 1254w\" sizes=\"(max-width: 706px) 89vw, (max-width: 767px) 82vw, 740px\" \/><\/figure>\n\n\n\n<div class=\"wp-block-uagb-info-box uagb-block-23c1c4ce uagb-infobox__content-wrap  uagb-infobox-icon-above-title uagb-infobox-image-valign-top\"><div class=\"uagb-ifb-content\"><div class=\"uagb-ifb-icon-wrap\"><svg xmlns=\"https:\/\/www.w3.org\/2000\/svg\" viewBox=\"0 0 512 512\"><path d=\"M0 256C0 114.6 114.6 0 256 0C397.4 0 512 114.6 512 256C512 397.4 397.4 512 256 512C114.6 512 0 397.4 0 256zM371.8 211.8C382.7 200.9 382.7 183.1 371.8 172.2C360.9 161.3 343.1 161.3 332.2 172.2L224 280.4L179.8 236.2C168.9 225.3 151.1 225.3 140.2 236.2C129.3 247.1 129.3 264.9 140.2 275.8L204.2 339.8C215.1 350.7 232.9 350.7 243.8 339.8L371.8 211.8z\"><\/path><\/svg><\/div><div class=\"uagb-ifb-title-wrap\"><h3 class=\"uagb-ifb-title\"><strong>Akademia Dogadani<\/strong><\/h3><\/div><p class=\"uagb-ifb-desc\"><br>W Fundacji Dogadani rozwijamy projekt <strong>Akademii Dogadani<\/strong>, w ramach kt\u00f3rej powstaje program edukacyjny dla opiekun\u00f3w ps\u00f3w oraz os\u00f3b, kt\u00f3re chc\u0105 \u015bwiadomie budowa\u0107 relacj\u0119 z czworonogiem i lepiej rozumie\u0107 jego potrzeby.<br>Prace nad programem <strong>ju\u017c trwaj\u0105<\/strong>, a Akademia jest cz\u0119\u015bci\u0105 planowanych dzia\u0142a\u0144 edukacyjnych fundacji. Przygotowujemy r\u00f3\u017cne \u015bcie\u017cki edukacyjne \u2013 zar\u00f3wno dla opiekun\u00f3w ps\u00f3w, jak i dla os\u00f3b, kt\u00f3re chcia\u0142yby w przysz\u0142o\u015bci rozwija\u0107 si\u0119 w kierunku pracy z psami.<br><strong>W planach s\u0105 m.in.:<\/strong><br><strong>Kursy dla opiekun\u00f3w ps\u00f3w \u2013 Akademia Dogadani<\/strong><br>\u2022 <em>Dogadani z Psem \u2013 Kurs Kompetentnego Opiekuna<\/em><br>\u2022 <em>Akademia Odpowiedzialnego Opiekuna<\/em><br><strong>Kurs dla przysz\u0142ych trener\u00f3w \u2013 Akademia Dogadani<\/strong><br>\u2022 <em>Akademia Trenera Psa \u2013 poziom podstawowy<\/em><br>\u2022 <em>Podstawy pracy z psem i opiekunem<\/em><br>C<strong>ertyfikowane kursy Fundacji Dogadani<\/strong>.<br><br>Na uruchomienie pierwszych kurs\u00f3w <strong>trzeba b\u0119dzie jeszcze chwil\u0119 poczeka\u0107<\/strong>, poniewa\u017c obecnie dopracowujemy koncepcj\u0119 oraz program zaj\u0119\u0107.<br><strong>B\u0119dziemy na bie\u017c\u0105co informowa\u0107 o post\u0119pach i szczeg\u00f3\u0142ach dotycz\u0105cych zapis\u00f3w.<\/strong><br>Dzi\u0119kujemy za zainteresowanie i cieszymy si\u0119, \u017ce coraz wi\u0119cej os\u00f3b chce rozwija\u0107 \u015bwiadom\u0105 i odpowiedzialn\u0105 relacj\u0119 z psami. <\/p><\/div><\/div>\n\n\n\n<div class=\"wp-block-uagb-info-box uagb-block-67e0135a uagb-infobox__content-wrap  uagb-infobox-icon-above-title uagb-infobox-image-valign-top\"><div class=\"uagb-ifb-content\"><div class=\"uagb-ifb-icon-wrap\"><svg xmlns=\"https:\/\/www.w3.org\/2000\/svg\" viewBox=\"0 0 576 512\"><path d=\"M172.1 40.16L268.1 3.76C280.9-1.089 295.1-1.089 307.9 3.76L403.9 40.16C425.6 48.41 440 69.25 440 92.52V204.7C441.3 205.1 442.6 205.5 443.9 205.1L539.9 242.4C561.6 250.6 576 271.5 576 294.7V413.9C576 436.1 562.9 456.2 542.5 465.1L446.5 507.3C432.2 513.7 415.8 513.7 401.5 507.3L288 457.5L174.5 507.3C160.2 513.7 143.8 513.7 129.5 507.3L33.46 465.1C13.13 456.2 0 436.1 0 413.9V294.7C0 271.5 14.39 250.6 36.15 242.4L132.1 205.1C133.4 205.5 134.7 205.1 136 204.7V92.52C136 69.25 150.4 48.41 172.1 40.16V40.16zM290.8 48.64C289 47.95 286.1 47.95 285.2 48.64L206.8 78.35L287.1 109.5L369.2 78.35L290.8 48.64zM392 210.6V121L309.6 152.6V241.8L392 210.6zM154.8 250.9C153 250.2 150.1 250.2 149.2 250.9L70.81 280.6L152 311.7L233.2 280.6L154.8 250.9zM173.6 455.3L256 419.1V323.2L173.6 354.8V455.3zM342.8 280.6L424 311.7L505.2 280.6L426.8 250.9C425 250.2 422.1 250.2 421.2 250.9L342.8 280.6zM528 413.9V323.2L445.6 354.8V455.3L523.2 421.2C526.1 419.9 528 417.1 528 413.9V413.9z\"><\/path><\/svg><\/div><div class=\"uagb-ifb-title-wrap\"><h3 class=\"uagb-ifb-title\"><strong>Uwaga schroniska i domy tymczasowe!<\/strong><\/h3><\/div><p class=\"uagb-ifb-desc\">Je\u015bli opiekujecie si\u0119 psami i czujecie, \u017ce przyda\u0142oby si\u0119 Wam wsparcie \u2013 odezwijcie si\u0119 do nas.<br>W ramach dzia\u0142a\u0144 Fundacji DOGadani chcemy pomaga\u0107 tam, gdzie jest to naprawd\u0119 potrzebne.<br>Mo\u017cemy wesprze\u0107 Was m.in. w zakresie:<br>\u2022 wsparcia behawioralnego dla ps\u00f3w<br>\u2022 lepszego przygotowania ps\u00f3w do adopcji<br>\u2022 ograniczania powrot\u00f3w adopcyjnych<br>\u2022 szkole\u0144 i konsultacji dla zespo\u0142u lub wolontariuszy<br>\u2022 wsparcia rzeczowego oraz narz\u0119dzi do pracy z psami<br>Nie kr\u0119pujcie si\u0119 napisa\u0107.<br>Wiemy, jak trudna bywa codzienno\u015b\u0107 w schroniskach i domach tymczasowych. Ka\u017cde miejsce ma inne mo\u017cliwo\u015bci i inne wyzwania.<br><img loading=\"lazy\" decoding=\"async\" height=\"16\" width=\"16\" src=\"https:\/\/static.xx.fbcdn.net\/images\/emoji.php\/v9\/tc0\/1\/16\/1f4e9.png\" alt=\"\ud83d\udce9\"> Przeanalizujemy ka\u017cde zg\u0142oszenie i spr\u00f3bujemy znale\u017a\u0107 form\u0119 pomocy na miar\u0119 naszych mo\u017cliwo\u015bci.<br>Razem mo\u017cemy zrobi\u0107 wi\u0119cej dla ps\u00f3w. <img loading=\"lazy\" decoding=\"async\" height=\"16\" width=\"16\" src=\"https:\/\/static.xx.fbcdn.net\/images\/emoji.php\/v9\/t70\/1\/16\/1f415.png\" alt=\"\ud83d\udc15\"><br><\/p><\/div><\/div>\n\n\n\n<figure class=\"wp-block-image size-large\"><img loading=\"lazy\" decoding=\"async\" width=\"683\" height=\"1024\" src=\"http:\/\/dogadani.org\/wp-content\/uploads\/2026\/03\/Beznazwy-1-683x1024.jpg\" alt=\"\" class=\"wp-image-207\" srcset=\"https:\/\/dogadani.org\/wp-content\/uploads\/2026\/03\/Beznazwy-1-683x1024.jpg 683w, https:\/\/dogadani.org\/wp-content\/uploads\/2026\/03\/Beznazwy-1-200x300.jpg 200w, https:\/\/dogadani.org\/wp-content\/uploads\/2026\/03\/Beznazwy-1-768x1152.jpg 768w, https:\/\/dogadani.org\/wp-content\/uploads\/2026\/03\/Beznazwy-1-1024x1536.jpg 1024w, https:\/\/dogadani.org\/wp-content\/uploads\/2026\/03\/Beznazwy-1-1365x2048.jpg 1365w, https:\/\/dogadani.org\/wp-content\/uploads\/2026\/03\/Beznazwy-1.jpg 1600w\" sizes=\"(max-width: 683px) 100vw, 683px\" \/><\/figure>\n","protected":false},"excerpt":{"rendered":"","protected":false},"author":1,"featured_media":0,"parent":0,"menu_order":0,"comment_status":"closed","ping_status":"closed","template":"","meta":{"_uag_custom_page_level_css":"","footnotes":""},"class_list":["post-32","page","type-page","status-publish","hentry"],"yoast_head":"<!-- This site is optimized with the Yoast SEO plugin v27.5 - https:\/\/yoast.com\/product\/yoast-seo-wordpress\/ -->\n<title>Dzia\u0142ania -<\/title>\n<meta name=\"robots\" content=\"index, follow, max-snippet:-1, max-image-preview:large, max-video-preview:-1\" \/>\n<link rel=\"canonical\" href=\"https:\/\/dogadani.org\/?page_id=32\" \/>\n<meta property=\"og:locale\" content=\"pl_PL\" \/>\n<meta property=\"og:type\" content=\"article\" \/>\n<meta property=\"og:title\" content=\"Dzia\u0142ania -\" \/>\n<meta property=\"og:url\" content=\"https:\/\/dogadani.org\/?page_id=32\" \/>\n<meta property=\"article:modified_time\" content=\"2026-04-04T15:38:30+00:00\" \/>\n<meta property=\"og:image\" content=\"http:\/\/dogadani.org\/wp-content\/uploads\/2026\/02\/9a6b556e-2671-4e4e-873c-ea42427ca685-1024x565.png\" \/>\n<meta name=\"twitter:card\" content=\"summary_large_image\" \/>\n<meta name=\"twitter:label1\" content=\"Szacowany czas czytania\" \/>\n\t<meta name=\"twitter:data1\" content=\"5 minut\" \/>\n<script type=\"application\/ld+json\" class=\"yoast-schema-graph\">{\"@context\":\"https:\\\/\\\/schema.org\",\"@graph\":[{\"@type\":\"WebPage\",\"@id\":\"https:\\\/\\\/dogadani.org\\\/?page_id=32\",\"url\":\"https:\\\/\\\/dogadani.org\\\/?page_id=32\",\"name\":\"Dzia\u0142ania -\",\"isPartOf\":{\"@id\":\"http:\\\/\\\/dogadani.org\\\/#website\"},\"primaryImageOfPage\":{\"@id\":\"https:\\\/\\\/dogadani.org\\\/?page_id=32#primaryimage\"},\"image\":{\"@id\":\"https:\\\/\\\/dogadani.org\\\/?page_id=32#primaryimage\"},\"thumbnailUrl\":\"http:\\\/\\\/dogadani.org\\\/wp-content\\\/uploads\\\/2026\\\/02\\\/9a6b556e-2671-4e4e-873c-ea42427ca685-1024x565.png\",\"datePublished\":\"2026-01-13T07:41:36+00:00\",\"dateModified\":\"2026-04-04T15:38:30+00:00\",\"breadcrumb\":{\"@id\":\"https:\\\/\\\/dogadani.org\\\/?page_id=32#breadcrumb\"},\"inLanguage\":\"pl-PL\",\"potentialAction\":[{\"@type\":\"ReadAction\",\"target\":[\"https:\\\/\\\/dogadani.org\\\/?page_id=32\"]}]},{\"@type\":\"ImageObject\",\"inLanguage\":\"pl-PL\",\"@id\":\"https:\\\/\\\/dogadani.org\\\/?page_id=32#primaryimage\",\"url\":\"https:\\\/\\\/dogadani.org\\\/wp-content\\\/uploads\\\/2026\\\/02\\\/9a6b556e-2671-4e4e-873c-ea42427ca685.png\",\"contentUrl\":\"https:\\\/\\\/dogadani.org\\\/wp-content\\\/uploads\\\/2026\\\/02\\\/9a6b556e-2671-4e4e-873c-ea42427ca685.png\",\"width\":1536,\"height\":848},{\"@type\":\"BreadcrumbList\",\"@id\":\"https:\\\/\\\/dogadani.org\\\/?page_id=32#breadcrumb\",\"itemListElement\":[{\"@type\":\"ListItem\",\"position\":1,\"name\":\"Home\",\"item\":\"http:\\\/\\\/dogadani.org\\\/\"},{\"@type\":\"ListItem\",\"position\":2,\"name\":\"Dzia\u0142ania\"}]},{\"@type\":\"WebSite\",\"@id\":\"http:\\\/\\\/dogadani.org\\\/#website\",\"url\":\"http:\\\/\\\/dogadani.org\\\/\",\"name\":\"\",\"description\":\"wiedza, empatia, relacja\",\"potentialAction\":[{\"@type\":\"SearchAction\",\"target\":{\"@type\":\"EntryPoint\",\"urlTemplate\":\"http:\\\/\\\/dogadani.org\\\/?s={search_term_string}\"},\"query-input\":{\"@type\":\"PropertyValueSpecification\",\"valueRequired\":true,\"valueName\":\"search_term_string\"}}],\"inLanguage\":\"pl-PL\"}]}<\/script>\n<!-- \/ Yoast SEO plugin. -->","yoast_head_json":{"title":"Dzia\u0142ania -","robots":{"index":"index","follow":"follow","max-snippet":"max-snippet:-1","max-image-preview":"max-image-preview:large","max-video-preview":"max-video-preview:-1"},"canonical":"https:\/\/dogadani.org\/?page_id=32","og_locale":"pl_PL","og_type":"article","og_title":"Dzia\u0142ania -","og_url":"https:\/\/dogadani.org\/?page_id=32","article_modified_time":"2026-04-04T15:38:30+00:00","og_image":[{"url":"http:\/\/dogadani.org\/wp-content\/uploads\/2026\/02\/9a6b556e-2671-4e4e-873c-ea42427ca685-1024x565.png","type":"","width":"","height":""}],"twitter_card":"summary_large_image","twitter_misc":{"Szacowany czas czytania":"5 minut"},"schema":{"@context":"https:\/\/schema.org","@graph":[{"@type":"WebPage","@id":"https:\/\/dogadani.org\/?page_id=32","url":"https:\/\/dogadani.org\/?page_id=32","name":"Dzia\u0142ania -","isPartOf":{"@id":"http:\/\/dogadani.org\/#website"},"primaryImageOfPage":{"@id":"https:\/\/dogadani.org\/?page_id=32#primaryimage"},"image":{"@id":"https:\/\/dogadani.org\/?page_id=32#primaryimage"},"thumbnailUrl":"http:\/\/dogadani.org\/wp-content\/uploads\/2026\/02\/9a6b556e-2671-4e4e-873c-ea42427ca685-1024x565.png","datePublished":"2026-01-13T07:41:36+00:00","dateModified":"2026-04-04T15:38:30+00:00","breadcrumb":{"@id":"https:\/\/dogadani.org\/?page_id=32#breadcrumb"},"inLanguage":"pl-PL","potentialAction":[{"@type":"ReadAction","target":["https:\/\/dogadani.org\/?page_id=32"]}]},{"@type":"ImageObject","inLanguage":"pl-PL","@id":"https:\/\/dogadani.org\/?page_id=32#primaryimage","url":"https:\/\/dogadani.org\/wp-content\/uploads\/2026\/02\/9a6b556e-2671-4e4e-873c-ea42427ca685.png","contentUrl":"https:\/\/dogadani.org\/wp-content\/uploads\/2026\/02\/9a6b556e-2671-4e4e-873c-ea42427ca685.png","width":1536,"height":848},{"@type":"BreadcrumbList","@id":"https:\/\/dogadani.org\/?page_id=32#breadcrumb","itemListElement":[{"@type":"ListItem","position":1,"name":"Home","item":"http:\/\/dogadani.org\/"},{"@type":"ListItem","position":2,"name":"Dzia\u0142ania"}]},{"@type":"WebSite","@id":"http:\/\/dogadani.org\/#website","url":"http:\/\/dogadani.org\/","name":"","description":"wiedza, empatia, relacja","potentialAction":[{"@type":"SearchAction","target":{"@type":"EntryPoint","urlTemplate":"http:\/\/dogadani.org\/?s={search_term_string}"},"query-input":{"@type":"PropertyValueSpecification","valueRequired":true,"valueName":"search_term_string"}}],"inLanguage":"pl-PL"}]}},"uagb_featured_image_src":{"full":false,"thumbnail":false,"medium":false,"medium_large":false,"large":false,"1536x1536":false,"2048x2048":false,"twentyseventeen-featured-image":false,"twentyseventeen-thumbnail-avatar":false},"uagb_author_info":{"display_name":"admin","author_link":"https:\/\/dogadani.org\/?author=1"},"uagb_comment_info":0,"uagb_excerpt":null,"_links":{"self":[{"href":"https:\/\/dogadani.org\/index.php?rest_route=\/wp\/v2\/pages\/32","targetHints":{"allow":["GET"]}}],"collection":[{"href":"https:\/\/dogadani.org\/index.php?rest_route=\/wp\/v2\/pages"}],"about":[{"href":"https:\/\/dogadani.org\/index.php?rest_route=\/wp\/v2\/types\/page"}],"author":[{"embeddable":true,"href":"https:\/\/dogadani.org\/index.php?rest_route=\/wp\/v2\/users\/1"}],"replies":[{"embeddable":true,"href":"https:\/\/dogadani.org\/index.php?rest_route=%2Fwp%2Fv2%2Fcomments&post=32"}],"version-history":[{"count":14,"href":"https:\/\/dogadani.org\/index.php?rest_route=\/wp\/v2\/pages\/32\/revisions"}],"predecessor-version":[{"id":229,"href":"https:\/\/dogadani.org\/index.php?rest_route=\/wp\/v2\/pages\/32\/revisions\/229"}],"wp:attachment":[{"href":"https:\/\/dogadani.org\/index.php?rest_route=%2Fwp%2Fv2%2Fmedia&parent=32"}],"curies":[{"name":"wp","href":"https:\/\/api.w.org\/{rel}","templated":true}]}}